{"id":14,"date":"2022-08-16T09:09:04","date_gmt":"2022-08-16T09:09:04","guid":{"rendered":"https:\/\/shakaboboshtice.al\/?page_id=14"},"modified":"2024-02-17T20:49:18","modified_gmt":"2024-02-17T20:49:18","slug":"fabrika","status":"publish","type":"page","link":"https:\/\/shakaboboshtice.al\/en\/fabrika\/","title":{"rendered":"The factory"},"content":{"rendered":"<div data-elementor-type=\"wp-page\" data-elementor-id=\"14\" class=\"elementor elementor-14\">\n\t\t\t\t<div class=\"elementor-element elementor-element-56cba19 e-con-full e-flex e-con e-parent\" data-id=\"56cba19\" data-element_type=\"container\" data-settings=\"{&quot;jet_parallax_layout_list&quot;:[],&quot;background_background&quot;:&quot;classic&quot;}\">\n\t\t<div class=\"elementor-element elementor-element-3229724 e-con-full e-flex e-con e-child\" data-id=\"3229724\" data-element_type=\"container\" data-settings=\"{&quot;jet_parallax_layout_list&quot;:[],&quot;background_background&quot;:&quot;classic&quot;}\">\n\t\t\t\t<div class=\"elementor-element elementor-element-76417de elementor-widget elementor-widget-image\" data-id=\"76417de\" data-element_type=\"widget\" data-widget_type=\"image.default\">\n\t\t\t\t<div class=\"elementor-widget-container\">\n\t\t\t\t\t\t\t\t\t\t\t\t\t\t\t<img fetchpriority=\"high\" decoding=\"async\" width=\"890\" height=\"387\" src=\"https:\/\/shakaboboshtice.al\/wp-content\/uploads\/2024\/01\/shaka-png-04-e1707055597859.png\" class=\"attachment-full size-full wp-image-8433\" alt=\"\" srcset=\"https:\/\/shakaboboshtice.al\/wp-content\/uploads\/2024\/01\/shaka-png-04-e1707055597859.png 890w, https:\/\/shakaboboshtice.al\/wp-content\/uploads\/2024\/01\/shaka-png-04-e1707055597859-300x130.png 300w, https:\/\/shakaboboshtice.al\/wp-content\/uploads\/2024\/01\/shaka-png-04-e1707055597859-768x334.png 768w\" sizes=\"(max-width: 890px) 100vw, 890px\" \/>\t\t\t\t\t\t\t\t\t\t\t\t\t\t\t<\/div>\n\t\t\t\t<\/div>\n\t\t\t\t<div class=\"elementor-element elementor-element-22bd068 elementor-widget elementor-widget-image\" data-id=\"22bd068\" data-element_type=\"widget\" data-widget_type=\"image.default\">\n\t\t\t\t<div class=\"elementor-widget-container\">\n\t\t\t\t\t\t\t\t\t\t\t\t\t\t\t<img decoding=\"async\" width=\"79\" height=\"8\" src=\"https:\/\/shakaboboshtice.al\/wp-content\/uploads\/2024\/01\/hr3.png\" class=\"attachment-large size-large wp-image-8256\" alt=\"\" \/>\t\t\t\t\t\t\t\t\t\t\t\t\t\t\t<\/div>\n\t\t\t\t<\/div>\n\t\t\t\t<div class=\"elementor-element elementor-element-6f7863a elementor-widget elementor-widget-text-editor\" data-id=\"6f7863a\" data-element_type=\"widget\" data-widget_type=\"text-editor.default\">\n\t\t\t\t<div class=\"elementor-widget-container\">\n\t\t\t\t\t\t\t\t\t<p class=\"translation-block\">The <strong>SHAKA Boboshtic\u00eb<\/strong> Milk Processing Factory stands as a pioneer in dairy product manufacturing, boasting a legacy of 30 years since its inception.<\/p><p class=\"translation-block\">Since 1994, SHAKA-Boboshtic\u00eb company has remained committed to producing premium white cheese, kackavall, and a variety of dairy by-products like butter, yogurt, and yogurt sauce. Available across Albania and beyond, our products bearing the \"SHAKA-BOBOSHTICE\" brand are the perfect addition to any table.<\/p>\t\t\t\t\t\t\t\t<\/div>\n\t\t\t\t<\/div>\n\t\t\t\t<\/div>\n\t\t<div class=\"elementor-element elementor-element-662f379 e-con-full elementor-hidden-mobile e-flex e-con e-child\" data-id=\"662f379\" data-element_type=\"container\" data-settings=\"{&quot;jet_parallax_layout_list&quot;:[]}\">\n\t\t\t\t<\/div>\n\t\t\t\t<\/div>\n\t\t<div class=\"elementor-element elementor-element-6f19dc1 e-con-full e-flex e-con e-parent\" data-id=\"6f19dc1\" data-element_type=\"container\" data-settings=\"{&quot;jet_parallax_layout_list&quot;:[]}\">\n\t\t<div class=\"elementor-element elementor-element-aaba554 e-con-full e-flex e-con e-child\" data-id=\"aaba554\" data-element_type=\"container\" data-settings=\"{&quot;jet_parallax_layout_list&quot;:[]}\">\n\t\t\t\t<div class=\"elementor-element elementor-element-dac2812 animated-slow elementor-invisible elementor-widget elementor-widget-image\" data-id=\"dac2812\" data-element_type=\"widget\" data-settings=\"{&quot;_animation&quot;:&quot;fadeInLeft&quot;,&quot;_animation_delay&quot;:50}\" data-widget_type=\"image.default\">\n\t\t\t\t<div class=\"elementor-widget-container\">\n\t\t\t\t\t\t\t\t\t\t\t\t\t\t\t<img decoding=\"async\" width=\"1024\" height=\"684\" src=\"https:\/\/shakaboboshtice.al\/wp-content\/uploads\/2024\/02\/KAT_9339-2-min-1024x684.jpg\" class=\"attachment-large size-large wp-image-8614\" alt=\"\" srcset=\"https:\/\/shakaboboshtice.al\/wp-content\/uploads\/2024\/02\/KAT_9339-2-min-1024x684.jpg 1024w, https:\/\/shakaboboshtice.al\/wp-content\/uploads\/2024\/02\/KAT_9339-2-min-300x200.jpg 300w, https:\/\/shakaboboshtice.al\/wp-content\/uploads\/2024\/02\/KAT_9339-2-min-768x513.jpg 768w, https:\/\/shakaboboshtice.al\/wp-content\/uploads\/2024\/02\/KAT_9339-2-min-1536x1025.jpg 1536w, https:\/\/shakaboboshtice.al\/wp-content\/uploads\/2024\/02\/KAT_9339-2-min-2048x1367.jpg 2048w\" sizes=\"(max-width: 1024px) 100vw, 1024px\" \/>\t\t\t\t\t\t\t\t\t\t\t\t\t\t\t<\/div>\n\t\t\t\t<\/div>\n\t\t\t\t<\/div>\n\t\t<div class=\"elementor-element elementor-element-49370a8 e-con-full e-flex e-con e-child\" data-id=\"49370a8\" data-element_type=\"container\" data-settings=\"{&quot;jet_parallax_layout_list&quot;:[]}\">\n\t\t\t\t<div class=\"elementor-element elementor-element-c92f37e animated-slow elementor-invisible elementor-widget elementor-widget-image\" data-id=\"c92f37e\" data-element_type=\"widget\" data-settings=\"{&quot;_animation&quot;:&quot;fadeInDown&quot;,&quot;_animation_delay&quot;:50}\" data-widget_type=\"image.default\">\n\t\t\t\t<div class=\"elementor-widget-container\">\n\t\t\t\t\t\t\t\t\t\t\t\t\t\t\t<img loading=\"lazy\" decoding=\"async\" width=\"1024\" height=\"684\" src=\"https:\/\/shakaboboshtice.al\/wp-content\/uploads\/2024\/01\/KAT_9369-2-min-1024x684.webp\" class=\"attachment-large size-large wp-image-8123\" alt=\"\" srcset=\"https:\/\/shakaboboshtice.al\/wp-content\/uploads\/2024\/01\/KAT_9369-2-min-1024x684.webp 1024w, https:\/\/shakaboboshtice.al\/wp-content\/uploads\/2024\/01\/KAT_9369-2-min-300x200.webp 300w, https:\/\/shakaboboshtice.al\/wp-content\/uploads\/2024\/01\/KAT_9369-2-min-768x513.webp 768w, https:\/\/shakaboboshtice.al\/wp-content\/uploads\/2024\/01\/KAT_9369-2-min-1536x1025.webp 1536w, https:\/\/shakaboboshtice.al\/wp-content\/uploads\/2024\/01\/KAT_9369-2-min-2048x1367.webp 2048w\" sizes=\"(max-width: 1024px) 100vw, 1024px\" \/>\t\t\t\t\t\t\t\t\t\t\t\t\t\t\t<\/div>\n\t\t\t\t<\/div>\n\t\t\t\t<\/div>\n\t\t<div class=\"elementor-element elementor-element-f79ab7a e-con-full e-flex e-con e-child\" data-id=\"f79ab7a\" data-element_type=\"container\" data-settings=\"{&quot;jet_parallax_layout_list&quot;:[]}\">\n\t\t\t\t<div class=\"elementor-element elementor-element-ad59fd1 animated-slow elementor-invisible elementor-widget elementor-widget-image\" data-id=\"ad59fd1\" data-element_type=\"widget\" data-settings=\"{&quot;_animation&quot;:&quot;fadeInRight&quot;,&quot;_animation_delay&quot;:50}\" data-widget_type=\"image.default\">\n\t\t\t\t<div class=\"elementor-widget-container\">\n\t\t\t\t\t\t\t\t\t\t\t\t\t\t\t<img loading=\"lazy\" decoding=\"async\" width=\"1024\" height=\"684\" src=\"https:\/\/shakaboboshtice.al\/wp-content\/uploads\/2024\/02\/KAT_9282-2-min-1024x684.jpg\" class=\"attachment-large size-large wp-image-8604\" alt=\"\" srcset=\"https:\/\/shakaboboshtice.al\/wp-content\/uploads\/2024\/02\/KAT_9282-2-min-1024x684.jpg 1024w, https:\/\/shakaboboshtice.al\/wp-content\/uploads\/2024\/02\/KAT_9282-2-min-300x200.jpg 300w, https:\/\/shakaboboshtice.al\/wp-content\/uploads\/2024\/02\/KAT_9282-2-min-768x513.jpg 768w, https:\/\/shakaboboshtice.al\/wp-content\/uploads\/2024\/02\/KAT_9282-2-min-1536x1025.jpg 1536w, https:\/\/shakaboboshtice.al\/wp-content\/uploads\/2024\/02\/KAT_9282-2-min-2048x1367.jpg 2048w\" sizes=\"(max-width: 1024px) 100vw, 1024px\" \/>\t\t\t\t\t\t\t\t\t\t\t\t\t\t\t<\/div>\n\t\t\t\t<\/div>\n\t\t\t\t<\/div>\n\t\t<div class=\"elementor-element elementor-element-676ccff e-con-full e-flex e-con e-child\" data-id=\"676ccff\" data-element_type=\"container\" data-settings=\"{&quot;jet_parallax_layout_list&quot;:[]}\">\n\t\t\t\t<div class=\"elementor-element elementor-element-492f18e animated-slow elementor-invisible elementor-widget elementor-widget-image\" data-id=\"492f18e\" data-element_type=\"widget\" data-settings=\"{&quot;_animation&quot;:&quot;fadeInLeft&quot;,&quot;_animation_delay&quot;:100}\" data-widget_type=\"image.default\">\n\t\t\t\t<div class=\"elementor-widget-container\">\n\t\t\t\t\t\t\t\t\t\t\t\t\t\t\t<img loading=\"lazy\" decoding=\"async\" width=\"1024\" height=\"684\" src=\"https:\/\/shakaboboshtice.al\/wp-content\/uploads\/2024\/02\/KAT_9248-2-min-1024x684.jpg\" class=\"attachment-large size-large wp-image-8599\" alt=\"\" srcset=\"https:\/\/shakaboboshtice.al\/wp-content\/uploads\/2024\/02\/KAT_9248-2-min-1024x684.jpg 1024w, https:\/\/shakaboboshtice.al\/wp-content\/uploads\/2024\/02\/KAT_9248-2-min-300x200.jpg 300w, https:\/\/shakaboboshtice.al\/wp-content\/uploads\/2024\/02\/KAT_9248-2-min-768x513.jpg 768w, https:\/\/shakaboboshtice.al\/wp-content\/uploads\/2024\/02\/KAT_9248-2-min-1536x1025.jpg 1536w, https:\/\/shakaboboshtice.al\/wp-content\/uploads\/2024\/02\/KAT_9248-2-min-2048x1367.jpg 2048w\" sizes=\"(max-width: 1024px) 100vw, 1024px\" \/>\t\t\t\t\t\t\t\t\t\t\t\t\t\t\t<\/div>\n\t\t\t\t<\/div>\n\t\t\t\t<\/div>\n\t\t<div class=\"elementor-element elementor-element-bc51a3b e-con-full animated-slow e-flex elementor-invisible e-con e-child\" data-id=\"bc51a3b\" data-element_type=\"container\" data-settings=\"{&quot;jet_parallax_layout_list&quot;:[],&quot;animation&quot;:&quot;fadeInUp&quot;,&quot;animation_delay&quot;:100}\">\n\t\t\t\t<div class=\"elementor-element elementor-element-d77addd elementor-widget elementor-widget-image\" data-id=\"d77addd\" data-element_type=\"widget\" data-widget_type=\"image.default\">\n\t\t\t\t<div class=\"elementor-widget-container\">\n\t\t\t\t\t\t\t\t\t\t\t\t\t\t\t<img loading=\"lazy\" decoding=\"async\" width=\"1024\" height=\"684\" src=\"https:\/\/shakaboboshtice.al\/wp-content\/uploads\/2024\/02\/KAT_9221-2-min-1024x684.jpg\" class=\"attachment-large size-large wp-image-8597\" alt=\"\" srcset=\"https:\/\/shakaboboshtice.al\/wp-content\/uploads\/2024\/02\/KAT_9221-2-min-1024x684.jpg 1024w, https:\/\/shakaboboshtice.al\/wp-content\/uploads\/2024\/02\/KAT_9221-2-min-300x200.jpg 300w, https:\/\/shakaboboshtice.al\/wp-content\/uploads\/2024\/02\/KAT_9221-2-min-768x513.jpg 768w, https:\/\/shakaboboshtice.al\/wp-content\/uploads\/2024\/02\/KAT_9221-2-min-1536x1025.jpg 1536w, https:\/\/shakaboboshtice.al\/wp-content\/uploads\/2024\/02\/KAT_9221-2-min-2048x1367.jpg 2048w\" sizes=\"(max-width: 1024px) 100vw, 1024px\" \/>\t\t\t\t\t\t\t\t\t\t\t\t\t\t\t<\/div>\n\t\t\t\t<\/div>\n\t\t\t\t<\/div>\n\t\t<div class=\"elementor-element elementor-element-dd97e50 e-con-full animated-slow e-flex elementor-invisible e-con e-child\" data-id=\"dd97e50\" data-element_type=\"container\" data-settings=\"{&quot;jet_parallax_layout_list&quot;:[],&quot;animation&quot;:&quot;fadeInRight&quot;,&quot;animation_delay&quot;:100}\">\n\t\t\t\t<div class=\"elementor-element elementor-element-3ea3f3e elementor-widget elementor-widget-image\" data-id=\"3ea3f3e\" data-element_type=\"widget\" data-widget_type=\"image.default\">\n\t\t\t\t<div class=\"elementor-widget-container\">\n\t\t\t\t\t\t\t\t\t\t\t\t\t\t\t<img loading=\"lazy\" decoding=\"async\" width=\"1024\" height=\"684\" src=\"https:\/\/shakaboboshtice.al\/wp-content\/uploads\/2024\/02\/KAT_9274-2-min-1024x684.jpg\" class=\"attachment-large size-large wp-image-8602\" alt=\"\" srcset=\"https:\/\/shakaboboshtice.al\/wp-content\/uploads\/2024\/02\/KAT_9274-2-min-1024x684.jpg 1024w, https:\/\/shakaboboshtice.al\/wp-content\/uploads\/2024\/02\/KAT_9274-2-min-300x200.jpg 300w, https:\/\/shakaboboshtice.al\/wp-content\/uploads\/2024\/02\/KAT_9274-2-min-768x513.jpg 768w, https:\/\/shakaboboshtice.al\/wp-content\/uploads\/2024\/02\/KAT_9274-2-min-1536x1025.jpg 1536w, https:\/\/shakaboboshtice.al\/wp-content\/uploads\/2024\/02\/KAT_9274-2-min-2048x1367.jpg 2048w\" sizes=\"(max-width: 1024px) 100vw, 1024px\" \/>\t\t\t\t\t\t\t\t\t\t\t\t\t\t\t<\/div>\n\t\t\t\t<\/div>\n\t\t\t\t<\/div>\n\t\t\t\t<\/div>\n\t\t<div class=\"elementor-element elementor-element-3b9ac7f e-con-full e-flex e-con e-parent\" data-id=\"3b9ac7f\" data-element_type=\"container\" data-settings=\"{&quot;background_background&quot;:&quot;classic&quot;,&quot;jet_parallax_layout_list&quot;:[]}\">\n\t\t<div class=\"elementor-element elementor-element-ffe22d9 e-con-full elementor-hidden-mobile e-flex e-con e-child\" data-id=\"ffe22d9\" data-element_type=\"container\" data-settings=\"{&quot;jet_parallax_layout_list&quot;:[]}\">\n\t\t\t\t<\/div>\n\t\t<div class=\"elementor-element elementor-element-c3aebe4 e-con-full e-flex e-con e-child\" data-id=\"c3aebe4\" data-element_type=\"container\" data-settings=\"{&quot;background_background&quot;:&quot;classic&quot;,&quot;jet_parallax_layout_list&quot;:[]}\">\n\t\t\t\t<div class=\"elementor-element elementor-element-f8b4041 elementor-widget elementor-widget-jet-headline\" data-id=\"f8b4041\" data-element_type=\"widget\" data-widget_type=\"jet-headline.default\">\n\t\t\t\t<div class=\"elementor-widget-container\">\n\t\t\t\t\t<h2 class=\"jet-headline jet-headline--direction-horizontal\"><span class=\"jet-headline__part jet-headline__first\"><span class=\"jet-headline__label\">Our<\/span><\/span><span class=\"jet-headline__space\">&nbsp;<\/span><span class=\"jet-headline__part jet-headline__second\"><span class=\"jet-headline__label\">Journey<\/span><\/span><\/h2>\t\t\t\t<\/div>\n\t\t\t\t<\/div>\n\t\t\t\t<div class=\"elementor-element elementor-element-7b6ab3d elementor-widget elementor-widget-text-editor\" data-id=\"7b6ab3d\" data-element_type=\"widget\" data-widget_type=\"text-editor.default\">\n\t\t\t\t<div class=\"elementor-widget-container\">\n\t\t\t\t\t\t\t\t\t<p>Situated in the outskirts of Kor\u00e7a, within the quaint village of Boboshtic\u00eb, our company began as a humble family venture in 1994. We started in a modest facility spanning just 100m2.<\/p><p>The traditional production recipes, steeped in heritage, made these products immensely popular in the market of their time. As years passed, demand surged, leading to significant strides in modernization and expansion of production facilities. Innovative ideas were incorporated into both the production processes and the recipes of our products.<\/p><p>Through consistent investments over the years, Shaka Boboshtic\u00eb company significantly enhanced its production capacity by 2018, processing more than 35 tons of raw materials daily, exclusively from the lush pastures of the Kor\u00e7a region. The milk undergoes meticulous control and selection, ensuring it meets stringent quality standards. To address the increasing demand from consumers across Albania, the company extended its presence to all major cities in Albania and Kosovo.<\/p><p>The adherence to high standards, from the meticulous selection of raw materials to the advanced technological processes utilized, coupled with thorough laboratory analyses and product certifications, have fostered the brand's enduring reliability and cultivated a loyal customer base over the years.<\/p>\t\t\t\t\t\t\t\t<\/div>\n\t\t\t\t<\/div>\n\t\t\t\t<\/div>\n\t\t\t\t<\/div>\n\t\t<div class=\"elementor-element elementor-element-85113ce e-con-full e-flex e-con e-parent\" data-id=\"85113ce\" data-element_type=\"container\" data-settings=\"{&quot;jet_parallax_layout_list&quot;:[]}\">\n\t\t<div class=\"elementor-element elementor-element-3ebedf7 e-con-full e-flex e-con e-child\" data-id=\"3ebedf7\" data-element_type=\"container\" data-settings=\"{&quot;jet_parallax_layout_list&quot;:[]}\">\n\t\t\t\t<div class=\"elementor-element elementor-element-b2d4d5a animated-slow elementor-invisible elementor-widget elementor-widget-image\" data-id=\"b2d4d5a\" data-element_type=\"widget\" data-settings=\"{&quot;_animation&quot;:&quot;fadeInLeft&quot;,&quot;_animation_delay&quot;:50}\" data-widget_type=\"image.default\">\n\t\t\t\t<div class=\"elementor-widget-container\">\n\t\t\t\t\t\t\t\t\t\t\t\t\t\t\t<img loading=\"lazy\" decoding=\"async\" width=\"1024\" height=\"684\" src=\"https:\/\/shakaboboshtice.al\/wp-content\/uploads\/2024\/02\/KAT_9327-2-min-1024x684.jpg\" class=\"attachment-large size-large wp-image-8612\" alt=\"\" srcset=\"https:\/\/shakaboboshtice.al\/wp-content\/uploads\/2024\/02\/KAT_9327-2-min-1024x684.jpg 1024w, https:\/\/shakaboboshtice.al\/wp-content\/uploads\/2024\/02\/KAT_9327-2-min-300x200.jpg 300w, https:\/\/shakaboboshtice.al\/wp-content\/uploads\/2024\/02\/KAT_9327-2-min-768x513.jpg 768w, https:\/\/shakaboboshtice.al\/wp-content\/uploads\/2024\/02\/KAT_9327-2-min-1536x1025.jpg 1536w, https:\/\/shakaboboshtice.al\/wp-content\/uploads\/2024\/02\/KAT_9327-2-min-2048x1367.jpg 2048w\" sizes=\"(max-width: 1024px) 100vw, 1024px\" \/>\t\t\t\t\t\t\t\t\t\t\t\t\t\t\t<\/div>\n\t\t\t\t<\/div>\n\t\t\t\t<\/div>\n\t\t<div class=\"elementor-element elementor-element-4207385 e-con-full e-flex e-con e-child\" data-id=\"4207385\" data-element_type=\"container\" data-settings=\"{&quot;jet_parallax_layout_list&quot;:[]}\">\n\t\t\t\t<div class=\"elementor-element elementor-element-c6de503 animated-slow elementor-invisible elementor-widget elementor-widget-image\" data-id=\"c6de503\" data-element_type=\"widget\" data-settings=\"{&quot;_animation&quot;:&quot;fadeInUp&quot;,&quot;_animation_delay&quot;:50}\" data-widget_type=\"image.default\">\n\t\t\t\t<div class=\"elementor-widget-container\">\n\t\t\t\t\t\t\t\t\t\t\t\t\t\t\t<img loading=\"lazy\" decoding=\"async\" width=\"1024\" height=\"684\" src=\"https:\/\/shakaboboshtice.al\/wp-content\/uploads\/2024\/02\/KAT_9232-2-min-1024x684.jpg\" class=\"attachment-large size-large wp-image-8598\" alt=\"\" srcset=\"https:\/\/shakaboboshtice.al\/wp-content\/uploads\/2024\/02\/KAT_9232-2-min-1024x684.jpg 1024w, https:\/\/shakaboboshtice.al\/wp-content\/uploads\/2024\/02\/KAT_9232-2-min-300x200.jpg 300w, https:\/\/shakaboboshtice.al\/wp-content\/uploads\/2024\/02\/KAT_9232-2-min-768x513.jpg 768w, https:\/\/shakaboboshtice.al\/wp-content\/uploads\/2024\/02\/KAT_9232-2-min-1536x1025.jpg 1536w, https:\/\/shakaboboshtice.al\/wp-content\/uploads\/2024\/02\/KAT_9232-2-min-2048x1367.jpg 2048w\" sizes=\"(max-width: 1024px) 100vw, 1024px\" \/>\t\t\t\t\t\t\t\t\t\t\t\t\t\t\t<\/div>\n\t\t\t\t<\/div>\n\t\t\t\t<\/div>\n\t\t<div class=\"elementor-element elementor-element-be50dc2 e-con-full e-flex e-con e-child\" data-id=\"be50dc2\" data-element_type=\"container\" data-settings=\"{&quot;jet_parallax_layout_list&quot;:[]}\">\n\t\t\t\t<div class=\"elementor-element elementor-element-bfbca15 animated-slow elementor-invisible elementor-widget elementor-widget-image\" data-id=\"bfbca15\" data-element_type=\"widget\" data-settings=\"{&quot;_animation&quot;:&quot;fadeInRight&quot;,&quot;_animation_delay&quot;:50}\" data-widget_type=\"image.default\">\n\t\t\t\t<div class=\"elementor-widget-container\">\n\t\t\t\t\t\t\t\t\t\t\t\t\t\t\t<img loading=\"lazy\" decoding=\"async\" width=\"1024\" height=\"684\" src=\"https:\/\/shakaboboshtice.al\/wp-content\/uploads\/2024\/02\/KAT_9276-2-min-1024x684.jpg\" class=\"attachment-large size-large wp-image-8603\" alt=\"\" srcset=\"https:\/\/shakaboboshtice.al\/wp-content\/uploads\/2024\/02\/KAT_9276-2-min-1024x684.jpg 1024w, https:\/\/shakaboboshtice.al\/wp-content\/uploads\/2024\/02\/KAT_9276-2-min-300x200.jpg 300w, https:\/\/shakaboboshtice.al\/wp-content\/uploads\/2024\/02\/KAT_9276-2-min-768x513.jpg 768w, https:\/\/shakaboboshtice.al\/wp-content\/uploads\/2024\/02\/KAT_9276-2-min-1536x1025.jpg 1536w, https:\/\/shakaboboshtice.al\/wp-content\/uploads\/2024\/02\/KAT_9276-2-min-2048x1367.jpg 2048w\" sizes=\"(max-width: 1024px) 100vw, 1024px\" \/>\t\t\t\t\t\t\t\t\t\t\t\t\t\t\t<\/div>\n\t\t\t\t<\/div>\n\t\t\t\t<\/div>\n\t\t\t\t<\/div>\n\t\t<div class=\"elementor-element elementor-element-2e78fa4 e-con-full e-flex e-con e-parent\" data-id=\"2e78fa4\" data-element_type=\"container\" data-settings=\"{&quot;background_background&quot;:&quot;classic&quot;,&quot;jet_parallax_layout_list&quot;:[]}\">\n\t\t\t\t<div class=\"elementor-element elementor-element-7ee777a elementor-widget elementor-widget-heading\" data-id=\"7ee777a\" data-element_type=\"widget\" data-widget_type=\"heading.default\">\n\t\t\t\t<div class=\"elementor-widget-container\">\n\t\t\t\t\t<h2 class=\"elementor-heading-title elementor-size-default\">Preserve tradition at your dining tables!<\/h2>\t\t\t\t<\/div>\n\t\t\t\t<\/div>\n\t\t\t\t<\/div>\n\t\t\t\t<\/div>","protected":false},"excerpt":{"rendered":"<p>Fabrika e p\u00ebrpunimit t\u00eb qum\u00ebshtit SHAKA Boboshtic\u00eb \u00ebsht\u00eb nj\u00eb nga fabrikat lider n\u00eb prodhimin e produkteve t\u00eb bulmetit prej 30 vitesh q\u00eb nga themelimi i saj. Qe prej vitit 1994 dhe deri sot, drejtimi i kompanis\u00eb SHAKA-Boboshtic\u00eb vazhdon t\u00eb jet\u00eb prodhimi i djathit t\u00eb bardh\u00eb, kackavallit dhe n\u00ebnprodukteve si gjalp\u00eb, gjiz\u00eb, salc\u00eb kosi t\u00eb cilat [&hellip;]<\/p>","protected":false},"author":1,"featured_media":0,"parent":0,"menu_order":0,"comment_status":"closed","ping_status":"closed","template":"","meta":{"site-sidebar-layout":"left-sidebar","site-content-layout":"page-builder","ast-site-content-layout":"full-width-container","site-content-style":"unboxed","site-sidebar-style":"unboxed","ast-global-header-display":"","ast-banner-title-visibility":"","ast-main-header-display":"","ast-hfb-above-header-display":"","ast-hfb-below-header-display":"","ast-hfb-mobile-header-display":"","site-post-title":"disabled","ast-breadcrumbs-content":"","ast-featured-img":"disabled","footer-sml-layout":"","theme-transparent-header-meta":"enabled","adv-header-id-meta":"","stick-header-meta":"","header-above-stick-meta":"","header-main-stick-meta":"","header-below-stick-meta":"","astra-migrate-meta-layouts":"set","ast-page-background-enabled":"default","ast-page-background-meta":{"desktop":{"background-color":"","background-image":"","background-repeat":"repeat","background-position":"center center","background-size":"auto","background-attachment":"scroll","background-type":"","background-media":"","overlay-type":"","overlay-color":"","overlay-opacity":"","overlay-gradient":""},"tablet":{"background-color":"","background-image":"","background-repeat":"repeat","background-position":"center center","background-size":"auto","background-attachment":"scroll","background-type":"","background-media":"","overlay-type":"","overlay-color":"","overlay-opacity":"","overlay-gradient":""},"mobile":{"background-color":"","background-image":"","background-repeat":"repeat","background-position":"center center","background-size":"auto","background-attachment":"scroll","background-type":"","background-media":"","overlay-type":"","overlay-color":"","overlay-opacity":"","overlay-gradient":""}},"ast-content-background-meta":{"desktop":{"background-color":"var(--ast-global-color-5)","background-image":"","background-repeat":"repeat","background-position":"center center","background-size":"auto","background-attachment":"scroll","background-type":"","background-media":"","overlay-type":"","overlay-color":"","overlay-opacity":"","overlay-gradient":""},"tablet":{"background-color":"var(--ast-global-color-5)","background-image":"","background-repeat":"repeat","background-position":"center center","background-size":"auto","background-attachment":"scroll","background-type":"","background-media":"","overlay-type":"","overlay-color":"","overlay-opacity":"","overlay-gradient":""},"mobile":{"background-color":"var(--ast-global-color-5)","background-image":"","background-repeat":"repeat","background-position":"center center","background-size":"auto","background-attachment":"scroll","background-type":"","background-media":"","overlay-type":"","overlay-color":"","overlay-opacity":"","overlay-gradient":""}},"footnotes":""},"class_list":["post-14","page","type-page","status-publish","hentry"],"_links":{"self":[{"href":"https:\/\/shakaboboshtice.al\/en\/wp-json\/wp\/v2\/pages\/14","targetHints":{"allow":["GET"]}}],"collection":[{"href":"https:\/\/shakaboboshtice.al\/en\/wp-json\/wp\/v2\/pages"}],"about":[{"href":"https:\/\/shakaboboshtice.al\/en\/wp-json\/wp\/v2\/types\/page"}],"author":[{"embeddable":true,"href":"https:\/\/shakaboboshtice.al\/en\/wp-json\/wp\/v2\/users\/1"}],"replies":[{"embeddable":true,"href":"https:\/\/shakaboboshtice.al\/en\/wp-json\/wp\/v2\/comments?post=14"}],"version-history":[{"count":60,"href":"https:\/\/shakaboboshtice.al\/en\/wp-json\/wp\/v2\/pages\/14\/revisions"}],"predecessor-version":[{"id":8961,"href":"https:\/\/shakaboboshtice.al\/en\/wp-json\/wp\/v2\/pages\/14\/revisions\/8961"}],"wp:attachment":[{"href":"https:\/\/shakaboboshtice.al\/en\/wp-json\/wp\/v2\/media?parent=14"}],"curies":[{"name":"wp","href":"https:\/\/api.w.org\/{rel}","templated":true}]}}