{"id":8112,"date":"2021-05-07T13:45:21","date_gmt":"2021-05-07T13:45:21","guid":{"rendered":"https:\/\/shakaboboshtice.al\/home\/"},"modified":"2024-03-06T14:42:51","modified_gmt":"2024-03-06T14:42:51","slug":"kreu","status":"publish","type":"page","link":"https:\/\/shakaboboshtice.al\/en\/","title":{"rendered":"Home"},"content":{"rendered":"<div data-elementor-type=\"wp-page\" data-elementor-id=\"8112\" class=\"elementor elementor-8112\">\n\t\t\t\t<div class=\"elementor-element elementor-element-a298723 e-con-full e-flex e-con e-parent\" data-id=\"a298723\" data-element_type=\"container\" data-settings=\"{&quot;background_background&quot;:&quot;slideshow&quot;,&quot;jet_parallax_layout_list&quot;:[],&quot;background_slideshow_gallery&quot;:[{&quot;id&quot;:8220,&quot;url&quot;:&quot;https:\\\/\\\/shakaboboshtice.al\\\/wp-content\\\/uploads\\\/2024\\\/01\\\/Shaka_Produkte_2021-52-scaled.jpg&quot;},{&quot;id&quot;:7759,&quot;url&quot;:&quot;https:\\\/\\\/shakaboboshtice.al\\\/wp-content\\\/uploads\\\/2022\\\/10\\\/Shaka_Produkte_2021-17-scaled-1.jpg&quot;},{&quot;id&quot;:8342,&quot;url&quot;:&quot;https:\\\/\\\/shakaboboshtice.al\\\/wp-content\\\/uploads\\\/2024\\\/01\\\/Shaka_Produkte_2021-103-min-1-scaled.webp&quot;},{&quot;id&quot;:8341,&quot;url&quot;:&quot;https:\\\/\\\/shakaboboshtice.al\\\/wp-content\\\/uploads\\\/2024\\\/01\\\/Shaka_Produkte_2021-102-min-1-scaled.webp&quot;},{&quot;id&quot;:8340,&quot;url&quot;:&quot;https:\\\/\\\/shakaboboshtice.al\\\/wp-content\\\/uploads\\\/2024\\\/01\\\/Shaka_Produkte_2021-98-min-1-scaled.webp&quot;}],&quot;background_slideshow_slide_duration&quot;:2000,&quot;background_slideshow_transition_duration&quot;:1500,&quot;background_slideshow_ken_burns&quot;:&quot;yes&quot;,&quot;background_slideshow_ken_burns_zoom_direction&quot;:&quot;out&quot;,&quot;background_slideshow_loop&quot;:&quot;yes&quot;,&quot;background_slideshow_slide_transition&quot;:&quot;fade&quot;}\">\n\t\t<div class=\"elementor-element elementor-element-9d96fdd e-con-full e-flex e-con e-child\" data-id=\"9d96fdd\" data-element_type=\"container\" data-settings=\"{&quot;jet_parallax_layout_list&quot;:[]}\">\n\t\t\t\t<div class=\"elementor-element elementor-element-e868b5f animated-slow elementor-invisible elementor-widget elementor-widget-image\" data-id=\"e868b5f\" data-element_type=\"widget\" data-settings=\"{&quot;_animation&quot;:&quot;zoomIn&quot;,&quot;_animation_delay&quot;:100}\" data-widget_type=\"image.default\">\n\t\t\t\t<div class=\"elementor-widget-container\">\n\t\t\t\t\t\t\t\t\t\t\t\t\t\t\t<img fetchpriority=\"high\" decoding=\"async\" width=\"891\" height=\"342\" src=\"https:\/\/shakaboboshtice.al\/wp-content\/uploads\/2024\/01\/shak-png-01-e1706516667890.png\" class=\"attachment-full size-full wp-image-8437\" alt=\"\" srcset=\"https:\/\/shakaboboshtice.al\/wp-content\/uploads\/2024\/01\/shak-png-01-e1706516667890.png 891w, https:\/\/shakaboboshtice.al\/wp-content\/uploads\/2024\/01\/shak-png-01-e1706516667890-300x115.png 300w, https:\/\/shakaboboshtice.al\/wp-content\/uploads\/2024\/01\/shak-png-01-e1706516667890-768x295.png 768w\" sizes=\"(max-width: 891px) 100vw, 891px\" \/>\t\t\t\t\t\t\t\t\t\t\t\t\t\t\t<\/div>\n\t\t\t\t<\/div>\n\t\t\t\t<div class=\"elementor-element elementor-element-db429d7 animated-slow elementor-invisible elementor-widget elementor-widget-text-editor\" data-id=\"db429d7\" data-element_type=\"widget\" data-settings=\"{&quot;_animation&quot;:&quot;fadeInUp&quot;,&quot;_animation_delay&quot;:200}\" data-widget_type=\"text-editor.default\">\n\t\t\t\t<div class=\"elementor-widget-container\">\n\t\t\t\t\t\t\t\t\t<p>Since 1994<\/p>\t\t\t\t\t\t\t\t<\/div>\n\t\t\t\t<\/div>\n\t\t\t\t<div class=\"elementor-element elementor-element-4a57d55 elementor-align-center elementor-widget elementor-widget-button\" data-id=\"4a57d55\" data-element_type=\"widget\" data-widget_type=\"button.default\">\n\t\t\t\t<div class=\"elementor-widget-container\">\n\t\t\t\t\t\t\t\t\t<div class=\"elementor-button-wrapper\">\n\t\t\t\t\t<a class=\"elementor-button elementor-button-link elementor-size-sm\" href=\"https:\/\/shakaboboshtice.al\/en\/fabrika\/\">\n\t\t\t\t\t\t<span class=\"elementor-button-content-wrapper\">\n\t\t\t\t\t\t\t\t\t<span class=\"elementor-button-text\">Read more<\/span>\n\t\t\t\t\t<\/span>\n\t\t\t\t\t<\/a>\n\t\t\t\t<\/div>\n\t\t\t\t\t\t\t\t<\/div>\n\t\t\t\t<\/div>\n\t\t\t\t<\/div>\n\t\t\t\t<\/div>\n\t\t<div class=\"elementor-element elementor-element-9067708 e-con-full e-flex e-con e-parent\" data-id=\"9067708\" data-element_type=\"container\" data-settings=\"{&quot;jet_parallax_layout_list&quot;:[]}\">\n\t\t<div class=\"elementor-element elementor-element-444b56e e-con-full elementor-hidden-mobile e-flex e-con e-child\" data-id=\"444b56e\" data-element_type=\"container\" data-settings=\"{&quot;jet_parallax_layout_list&quot;:[],&quot;background_background&quot;:&quot;classic&quot;}\">\n\t\t\t\t<\/div>\n\t\t<div class=\"elementor-element elementor-element-e9ae82b e-con-full e-flex e-con e-child\" data-id=\"e9ae82b\" data-element_type=\"container\" data-settings=\"{&quot;jet_parallax_layout_list&quot;:[],&quot;background_background&quot;:&quot;classic&quot;}\">\n\t\t\t\t<div class=\"elementor-element elementor-element-bb4baed elementor-widget elementor-widget-jet-headline\" data-id=\"bb4baed\" data-element_type=\"widget\" data-widget_type=\"jet-headline.default\">\n\t\t\t\t<div class=\"elementor-widget-container\">\n\t\t\t\t\t<h1 class=\"jet-headline jet-headline--direction-horizontal\"><span class=\"jet-headline__part jet-headline__first\"><span class=\"jet-headline__label\">Our<\/span><\/span><span class=\"jet-headline__space\">&nbsp;<\/span><span class=\"jet-headline__part jet-headline__second\"><span class=\"jet-headline__label\"> Journey<\/span><\/span><\/h1>\t\t\t\t<\/div>\n\t\t\t\t<\/div>\n\t\t\t\t<div class=\"elementor-element elementor-element-b3a3aa3 elementor-widget elementor-widget-text-editor\" data-id=\"b3a3aa3\" data-element_type=\"widget\" data-widget_type=\"text-editor.default\">\n\t\t\t\t<div class=\"elementor-widget-container\">\n\t\t\t\t\t\t\t\t\t<p>Milk processing Factory <strong>\u201dSHAKA BOBOSHTIC\u00cb\u201d<\/strong>, located in the district of Kor\u00e7a, the municipality of Drenov\u00eb, the village of Boboshtic\u00eb, started its activity in <strong>1994<\/strong> as a small family business.<\/p><p>The initial days of operation commenced with a modest supply of raw material, approximately 60 liters, which gradually grew with each passing day. As the quantity of milk and the production of final goods expanded, the most significant factor was the surge in demand. Consumers not only sought out our products but also expressed their appreciation, igniting momentum for the expansion of this factory's capacity.<\/p><p>Today,<strong> SHAKA<\/strong> stands among the nation's foremost factories renowned for its extensive capacity in soft cheese production, boasting full certification to meet rigorous standards. Our commitment to excellence shines through in the exceptional quality, diverse variety, and exquisite taste we deliver.<\/p>\t\t\t\t\t\t\t\t<\/div>\n\t\t\t\t<\/div>\n\t\t\t\t<div class=\"elementor-element elementor-element-7b79c8d button-on-bright-bg elementor-widget elementor-widget-button\" data-id=\"7b79c8d\" data-element_type=\"widget\" data-widget_type=\"button.default\">\n\t\t\t\t<div class=\"elementor-widget-container\">\n\t\t\t\t\t\t\t\t\t<div class=\"elementor-button-wrapper\">\n\t\t\t\t\t<a class=\"elementor-button elementor-button-link elementor-size-sm\" href=\"https:\/\/shakaboboshtice.al\/en\/fabrika\/\">\n\t\t\t\t\t\t<span class=\"elementor-button-content-wrapper\">\n\t\t\t\t\t\t\t\t\t<span class=\"elementor-button-text\">Read more<\/span>\n\t\t\t\t\t<\/span>\n\t\t\t\t\t<\/a>\n\t\t\t\t<\/div>\n\t\t\t\t\t\t\t\t<\/div>\n\t\t\t\t<\/div>\n\t\t\t\t<\/div>\n\t\t\t\t<\/div>\n\t\t<div class=\"elementor-element elementor-element-3774779 e-con-full e-flex e-con e-parent\" data-id=\"3774779\" data-element_type=\"container\" data-settings=\"{&quot;background_background&quot;:&quot;classic&quot;,&quot;jet_parallax_layout_list&quot;:[]}\">\n\t\t<div class=\"elementor-element elementor-element-dcf4604 e-con-full e-flex e-con e-child\" data-id=\"dcf4604\" data-element_type=\"container\" data-settings=\"{&quot;jet_parallax_layout_list&quot;:[]}\">\n\t\t\t\t<div class=\"elementor-element elementor-element-308d050 elementor-widget elementor-widget-jet-headline\" data-id=\"308d050\" data-element_type=\"widget\" data-widget_type=\"jet-headline.default\">\n\t\t\t\t<div class=\"elementor-widget-container\">\n\t\t\t\t\t<h1 class=\"jet-headline jet-headline--direction-horizontal\"><span class=\"jet-headline__part jet-headline__first\"><span class=\"jet-headline__label\">What<\/span><\/span><span class=\"jet-headline__space\">&nbsp;<\/span><span class=\"jet-headline__part jet-headline__second\"><span class=\"jet-headline__label\">we offer?<\/span><\/span><\/h1>\t\t\t\t<\/div>\n\t\t\t\t<\/div>\n\t\t\t\t<div class=\"elementor-element elementor-element-be41331 elementor-widget elementor-widget-html\" data-id=\"be41331\" data-element_type=\"widget\" data-widget_type=\"html.default\">\n\t\t\t\t<div class=\"elementor-widget-container\">\n\t\t\t\t\t<link rel=\"stylesheet\" href=\"https:\/\/cdnjs.cloudflare.com\/ajax\/libs\/font-awesome\/4.7.0\/css\/font-awesome.min.css\">\t\t\t\t<\/div>\n\t\t\t\t<\/div>\n\t\t\t\t<div class=\"elementor-element elementor-element-392540d elementor-widget elementor-widget-heading\" data-id=\"392540d\" data-element_type=\"widget\" data-widget_type=\"heading.default\">\n\t\t\t\t<div class=\"elementor-widget-container\">\n\t\t\t\t\t<h4 class=\"elementor-heading-title elementor-size-default\"><i class=\"fa fa-diamond\"><\/i> 100% Natural Flavor<\/h4>\t\t\t\t<\/div>\n\t\t\t\t<\/div>\n\t\t\t\t<div class=\"elementor-element elementor-element-abe35c6 elementor-widget elementor-widget-text-editor\" data-id=\"abe35c6\" data-element_type=\"widget\" data-widget_type=\"text-editor.default\">\n\t\t\t\t<div class=\"elementor-widget-container\">\n\t\t\t\t\t\t\t\t\t<p>The products of Shaka Boboshtic\u00eb are crafted entirely through natural means, devoid of any food additives or preservatives.<\/p>\t\t\t\t\t\t\t\t<\/div>\n\t\t\t\t<\/div>\n\t\t\t\t<div class=\"elementor-element elementor-element-204bbae elementor-widget elementor-widget-heading\" data-id=\"204bbae\" data-element_type=\"widget\" data-widget_type=\"heading.default\">\n\t\t\t\t<div class=\"elementor-widget-container\">\n\t\t\t\t\t<h4 class=\"elementor-heading-title elementor-size-default\"><i class=\"fa fa-diamond\"><\/i> Variety<\/h4>\t\t\t\t<\/div>\n\t\t\t\t<\/div>\n\t\t\t\t<div class=\"elementor-element elementor-element-336f686 elementor-widget elementor-widget-text-editor\" data-id=\"336f686\" data-element_type=\"widget\" data-widget_type=\"text-editor.default\">\n\t\t\t\t<div class=\"elementor-widget-container\">\n\t\t\t\t\t\t\t\t\t<p>With us, you'll discover a wide array of dairy products, crafted to the highest standards of quality, and available in various packaging options tailored to your preferences.<\/p>\t\t\t\t\t\t\t\t<\/div>\n\t\t\t\t<\/div>\n\t\t\t\t<div class=\"elementor-element elementor-element-6312f85 elementor-widget elementor-widget-heading\" data-id=\"6312f85\" data-element_type=\"widget\" data-widget_type=\"heading.default\">\n\t\t\t\t<div class=\"elementor-widget-container\">\n\t\t\t\t\t<h4 class=\"elementor-heading-title elementor-size-default\"><i class=\"fa fa-diamond\"><\/i> Competitive Prices<\/h4>\t\t\t\t<\/div>\n\t\t\t\t<\/div>\n\t\t\t\t<div class=\"elementor-element elementor-element-156840a elementor-widget elementor-widget-text-editor\" data-id=\"156840a\" data-element_type=\"widget\" data-widget_type=\"text-editor.default\">\n\t\t\t\t<div class=\"elementor-widget-container\">\n\t\t\t\t\t\t\t\t\t<p>In addition to the high quality of our products, we also offer the most competitive prices in the market, catering to the preferences of all consumers.<\/p>\t\t\t\t\t\t\t\t<\/div>\n\t\t\t\t<\/div>\n\t\t\t\t<\/div>\n\t\t<div class=\"elementor-element elementor-element-b9e5be2 e-con-full elementor-hidden-mobile e-flex e-con e-child\" data-id=\"b9e5be2\" data-element_type=\"container\" data-settings=\"{&quot;jet_parallax_layout_list&quot;:[],&quot;background_background&quot;:&quot;classic&quot;}\">\n\t\t\t\t<\/div>\n\t\t\t\t<\/div>\n\t\t<div class=\"elementor-element elementor-element-cd20b32 e-con-full e-flex e-con e-parent\" data-id=\"cd20b32\" data-element_type=\"container\" data-settings=\"{&quot;jet_parallax_layout_list&quot;:[],&quot;background_background&quot;:&quot;classic&quot;}\">\n\t\t\t\t<div class=\"elementor-element elementor-element-cfc1db9 elementor-widget elementor-widget-jet-headline\" data-id=\"cfc1db9\" data-element_type=\"widget\" data-widget_type=\"jet-headline.default\">\n\t\t\t\t<div class=\"elementor-widget-container\">\n\t\t\t\t\t<h1 class=\"jet-headline jet-headline--direction-horizontal\"><span class=\"jet-headline__part jet-headline__first\"><span class=\"jet-headline__label\">Our<\/span><\/span><span class=\"jet-headline__space\">&nbsp;<\/span><span class=\"jet-headline__part jet-headline__second\"><span class=\"jet-headline__label\">Products<\/span><\/span><\/h1>\t\t\t\t<\/div>\n\t\t\t\t<\/div>\n\t\t\t\t<div class=\"elementor-element elementor-element-e61ee12 elementor-hidden-mobile elementor-widget elementor-widget-image\" data-id=\"e61ee12\" data-element_type=\"widget\" data-widget_type=\"image.default\">\n\t\t\t\t<div class=\"elementor-widget-container\">\n\t\t\t\t\t\t\t\t\t\t\t\t\t\t\t<img decoding=\"async\" width=\"79\" height=\"8\" src=\"https:\/\/shakaboboshtice.al\/wp-content\/uploads\/2024\/01\/hr3.png\" class=\"attachment-large size-large wp-image-8256\" alt=\"\" \/>\t\t\t\t\t\t\t\t\t\t\t\t\t\t\t<\/div>\n\t\t\t\t<\/div>\n\t\t\t\t<div class=\"elementor-element elementor-element-c324ba6 elementor-widget__width-inherit elementor-widget elementor-widget-jet-slider\" data-id=\"c324ba6\" data-element_type=\"widget\" data-settings=\"{&quot;slider_height&quot;:{&quot;unit&quot;:&quot;px&quot;,&quot;size&quot;:400,&quot;sizes&quot;:[]},&quot;slider_height_tablet&quot;:{&quot;unit&quot;:&quot;px&quot;,&quot;size&quot;:&quot;&quot;,&quot;sizes&quot;:[]},&quot;slider_height_mobile&quot;:{&quot;unit&quot;:&quot;px&quot;,&quot;size&quot;:&quot;&quot;,&quot;sizes&quot;:[]},&quot;thumbnail_width&quot;:120,&quot;thumbnail_height&quot;:80}\" data-widget_type=\"jet-slider.default\">\n\t\t\t\t<div class=\"elementor-widget-container\">\n\t\t\t\t\t<div class=\"elementor-jet-slider jet-elements\">\n<div class=\"jet-slider jet-slider__image-exact\" data-settings='{\"sliderWidth\":{\"unit\":\"%\",\"size\":100,\"sizes\":[]},\"sliderHeight\":{\"unit\":\"px\",\"size\":400,\"sizes\":[]},\"sliderNavigation\":true,\"sliderNavigationIcon\":\"jet-slider__arrow-icon-c324ba6\",\"sliderNaviOnHover\":false,\"sliderPagination\":false,\"sliderAutoplay\":true,\"sliderAutoplayDelay\":5000,\"sliderAutoplayOnHover\":\"pause\",\"sliderFullScreen\":true,\"sliderFullscreenIcon\":\"jet-slider__fullscreen-icon-c324ba6\",\"sliderShuffle\":false,\"sliderLoop\":true,\"sliderFadeMode\":true,\"slideDistance\":{\"unit\":\"px\",\"size\":10,\"sizes\":[]},\"slideDuration\":500,\"imageScaleMode\":\"exact\",\"thumbnails\":true,\"thumbnailWidth\":120,\"thumbnailHeight\":80,\"rightToLeft\":false,\"touchswipe\":true,\"fractionPag\":false}'>\n\t\n<div  class=\"slider-pro\"><div class=\"jet-slider__arrow-icon-c324ba6 hidden-html\"><svg aria-hidden=\"true\" class=\"e-font-icon-svg e-fas-angle-left\" viewbox=\"0 0 256 512\" xmlns=\"http:\/\/www.w3.org\/2000\/svg\"><path d=\"M31.7 239l136-136c9.4-9.4 24.6-9.4 33.9 0l22.6 22.6c9.4 9.4 9.4 24.6 0 33.9L127.9 256l96.4 96.4c9.4 9.4 9.4 24.6 0 33.9L201.7 409c-9.4 9.4-24.6 9.4-33.9 0l-136-136c-9.5-9.4-9.5-24.6-.1-34z\"><\/path><\/svg><\/div><div class=\"jet-slider__fullscreen-icon-c324ba6 hidden-html\"><svg aria-hidden=\"true\" class=\"e-font-icon-svg e-fas-arrows-alt\" viewbox=\"0 0 512 512\" xmlns=\"http:\/\/www.w3.org\/2000\/svg\"><path d=\"M352.201 425.775l-79.196 79.196c-9.373 9.373-24.568 9.373-33.941 0l-79.196-79.196c-15.119-15.119-4.411-40.971 16.971-40.97h51.162L228 284H127.196v51.162c0 21.382-25.851 32.09-40.971 16.971L7.029 272.937c-9.373-9.373-9.373-24.569 0-33.941L86.225 159.8c15.119-15.119 40.971-4.411 40.971 16.971V228H228V127.196h-51.23c-21.382 0-32.09-25.851-16.971-40.971l79.196-79.196c9.373-9.373 24.568-9.373 33.941 0l79.196 79.196c15.119 15.119 4.411 40.971-16.971 40.971h-51.162V228h100.804v-51.162c0-21.382 25.851-32.09 40.97-16.971l79.196 79.196c9.373 9.373 9.373 24.569 0 33.941L425.773 352.2c-15.119 15.119-40.971 4.411-40.97-16.971V284H284v100.804h51.23c21.382 0 32.09 25.851 16.971 40.971z\"><\/path><\/svg><\/div><div class=\"jet-slider__items sp-slides\">\n\n\n<div  class=\"jet-slider__item sp-slide elementor-repeater-item-ec5a212\"><img decoding=\"async\" class=\"sp-image\" src=\"https:\/\/shakaboboshtice.al\/wp-content\/uploads\/2024\/01\/Shaka_Produkte_2021-78-Copy-min-1-scaled.webp\" alt=\"Shaka_Produkte_2021 (78) - Copy-min\" loading=\"lazy\"><img decoding=\"async\" class=\"sp-thumbnail\" src=\"https:\/\/shakaboboshtice.al\/wp-content\/uploads\/2024\/01\/Shaka_Produkte_2021-78-Copy-min-1-150x150.webp\" alt=\"Shaka_Produkte_2021 (78) - Copy-min\" loading=\"lazy\"><div class=\"jet-slider__content sp-layer\" data-position=\"centerCenter\" data-width=\"100%\" data-height=\"100%\" data-horizontal=\"0%\" data-show-transition=\"none\" data-show-duration=\"400\" data-show-delay=\"400\" >\n\t\t<div class=\"jet-slider__content-item\">\n\t\t\t<div class=\"jet-slider__content-inner\"><h2 class=\"jet-slider__title\">WHITE CHEESE<\/h2><div class=\"jet-slider__desc\">Cows, Sheep, Goats<\/div>\n\t\t\t\t\t\t<div class=\"jet-slider__button-wrapper\"><a class=\"elementor-button elementor-size-md jet-slider__button jet-slider__button--primary\" href=\"https:\/\/shakaboboshtice.al\/en\/produktet\/#djathe\">Read more<\/a>\t\t\t\t\t\t<\/div><\/div>\n\t\t<\/div>\n\t\t\t<\/div>\n<\/div>\n\n<div  class=\"jet-slider__item sp-slide elementor-repeater-item-9b4919d\"><img decoding=\"async\" class=\"sp-image\" src=\"https:\/\/shakaboboshtice.al\/wp-content\/uploads\/2024\/01\/Shaka_Produkte_2021-132-min-1-scaled.webp\" alt=\"Shaka_Produkte_2021 (132)-min\" loading=\"lazy\"><img decoding=\"async\" class=\"sp-thumbnail\" src=\"https:\/\/shakaboboshtice.al\/wp-content\/uploads\/2024\/01\/Shaka_Produkte_2021-132-min-1-150x150.webp\" alt=\"Shaka_Produkte_2021 (132)-min\" loading=\"lazy\"><div class=\"jet-slider__content sp-layer\" data-position=\"centerCenter\" data-width=\"100%\" data-height=\"100%\" data-horizontal=\"0%\" data-show-transition=\"none\" data-show-duration=\"400\" data-show-delay=\"400\" >\n\t\t<div class=\"jet-slider__content-item\">\n\t\t\t<div class=\"jet-slider__content-inner\"><h2 class=\"jet-slider__title\">Kackavall Cheese<\/h2><div class=\"jet-slider__desc\">Cows, Sheep, Goats<\/div>\n\t\t\t\t\t\t<div class=\"jet-slider__button-wrapper\"><a class=\"elementor-button elementor-size-md jet-slider__button jet-slider__button--primary\" href=\"https:\/\/shakaboboshtice.al\/en\/produktet\/#kackavall\">Read more<\/a>\t\t\t\t\t\t<\/div><\/div>\n\t\t<\/div>\n\t\t\t<\/div>\n<\/div>\n\n<div  class=\"jet-slider__item sp-slide elementor-repeater-item-af10ee7\"><img decoding=\"async\" class=\"sp-image\" src=\"https:\/\/shakaboboshtice.al\/wp-content\/uploads\/2024\/01\/Shaka_Produkte_2021-164-min1-scaled-e1707577867176.webp\" alt=\"Shaka_Produkte_2021 (164)-min(1)\" loading=\"lazy\"><img decoding=\"async\" class=\"sp-thumbnail\" src=\"https:\/\/shakaboboshtice.al\/wp-content\/uploads\/2024\/01\/Shaka_Produkte_2021-164-min1-scaled-e1707577867176-150x150.webp\" alt=\"Shaka_Produkte_2021 (164)-min(1)\" loading=\"lazy\"><div class=\"jet-slider__content sp-layer\" data-position=\"centerCenter\" data-width=\"100%\" data-height=\"100%\" data-horizontal=\"0%\" data-show-transition=\"none\" data-show-duration=\"400\" data-show-delay=\"400\" >\n\t\t<div class=\"jet-slider__content-item\">\n\t\t\t<div class=\"jet-slider__content-inner\"><h2 class=\"jet-slider__title\">BUTTER<\/h2><div class=\"jet-slider__desc\">Cows, Sheep, Goats<\/div>\n\t\t\t\t\t\t<div class=\"jet-slider__button-wrapper\"><a class=\"elementor-button elementor-size-md jet-slider__button jet-slider__button--primary\" href=\"https:\/\/shakaboboshtice.al\/en\/produktet\/#gjalpe\">Read more<\/a>\t\t\t\t\t\t<\/div><\/div>\n\t\t<\/div>\n\t\t\t<\/div>\n<\/div>\n\n<div  class=\"jet-slider__item sp-slide elementor-repeater-item-6b29681\"><img decoding=\"async\" class=\"sp-image\" src=\"https:\/\/shakaboboshtice.al\/wp-content\/uploads\/2024\/01\/8-min-scaled.webp\" alt=\"8-min\" loading=\"lazy\"><img decoding=\"async\" class=\"sp-thumbnail\" src=\"https:\/\/shakaboboshtice.al\/wp-content\/uploads\/2024\/01\/8-min-150x150.webp\" alt=\"8-min\" loading=\"lazy\"><div class=\"jet-slider__content sp-layer\" data-position=\"centerCenter\" data-width=\"100%\" data-height=\"100%\" data-horizontal=\"0%\" data-show-transition=\"none\" data-show-duration=\"400\" data-show-delay=\"400\" >\n\t\t<div class=\"jet-slider__content-item\">\n\t\t\t<div class=\"jet-slider__content-inner\"><h2 class=\"jet-slider__title\">Cottage Cheese<\/h2>\n\t\t\t\t\t\t<div class=\"jet-slider__button-wrapper\"><a class=\"elementor-button elementor-size-md jet-slider__button jet-slider__button--primary\" href=\"https:\/\/shakaboboshtice.al\/en\/produktet\/#gjize\">Read more<\/a>\t\t\t\t\t\t<\/div><\/div>\n\t\t<\/div>\n\t\t\t<\/div>\n<\/div>\n\n<div  class=\"jet-slider__item sp-slide elementor-repeater-item-6f37d8b\"><img decoding=\"async\" class=\"sp-image\" src=\"https:\/\/shakaboboshtice.al\/wp-content\/uploads\/2022\/09\/Shaka_Produkte_2021-187-scaled-1.jpg\" alt=\"Shaka_Produkte_2021 (187)\" loading=\"lazy\"><img decoding=\"async\" class=\"sp-thumbnail\" src=\"https:\/\/shakaboboshtice.al\/wp-content\/uploads\/2022\/09\/Shaka_Produkte_2021-187-scaled-1-150x150.jpg\" alt=\"Shaka_Produkte_2021 (187)\" loading=\"lazy\"><div class=\"jet-slider__content sp-layer\" data-position=\"centerCenter\" data-width=\"100%\" data-height=\"100%\" data-horizontal=\"0%\" data-show-transition=\"none\" data-show-duration=\"400\" data-show-delay=\"400\" >\n\t\t<div class=\"jet-slider__content-item\">\n\t\t\t<div class=\"jet-slider__content-inner\"><h2 class=\"jet-slider__title\">Yogurt sauce<\/h2>\n\t\t\t\t\t\t<div class=\"jet-slider__button-wrapper\"><a class=\"elementor-button elementor-size-md jet-slider__button jet-slider__button--primary\" href=\"https:\/\/shakaboboshtice.al\/en\/produktet\/#salce-kosi\">Read more<\/a>\t\t\t\t\t\t<\/div><\/div>\n\t\t<\/div>\n\t\t\t<\/div>\n<\/div>\n\n<\/div>\n<\/div>\n<\/div>\n<\/div>\t\t\t\t<\/div>\n\t\t\t\t<\/div>\n\t\t\t\t<\/div>\n\t\t<div class=\"elementor-element elementor-element-788b005 e-con-full e-flex e-con e-parent\" data-id=\"788b005\" data-element_type=\"container\" data-settings=\"{&quot;background_background&quot;:&quot;classic&quot;,&quot;jet_parallax_layout_list&quot;:[]}\">\n\t\t\t\t<div class=\"elementor-element elementor-element-5b318b0 elementor-widget elementor-widget-heading\" data-id=\"5b318b0\" data-element_type=\"widget\" data-widget_type=\"heading.default\">\n\t\t\t\t<div class=\"elementor-widget-container\">\n\t\t\t\t\t<h2 class=\"elementor-heading-title elementor-size-default\">Preserve tradition at your dining tables!<\/h2>\t\t\t\t<\/div>\n\t\t\t\t<\/div>\n\t\t\t\t<\/div>\n\t\t\t\t<\/div>","protected":false},"excerpt":{"rendered":"<p>Prej vitit 1994 M\u00cb SHUM\u00cb Historia&nbsp; jon\u00eb Fabrika e p\u00ebrpunimit t\u00eb qum\u00ebshtit \u201dSHAKA BOBOSHTIC\u00cb\u201d, lokalizuar n\u00eb rrethin e Kor\u00e7\u00ebs, komuna Drenov\u00eb, fshati Boboshtic\u00eb, e filloi aktivitetin e saj n\u00eb vitin 1994 si nj\u00eb biznes i vog\u00ebl familjar. Dit\u00ebt e para t\u00eb pun\u00ebs filluan me nj\u00eb sasi t\u00eb vog\u00ebl t\u00eb l\u00ebnd\u00ebs s\u00eb par\u00eb (rreth 60l), sasi [&hellip;]<\/p>","protected":false},"author":1,"featured_media":0,"parent":0,"menu_order":0,"comment_status":"closed","ping_status":"closed","template":"","meta":{"site-sidebar-layout":"left-sidebar","site-content-layout":"page-builder","ast-site-content-layout":"full-width-container","site-content-style":"unboxed","site-sidebar-style":"unboxed","ast-global-header-display":"","ast-banner-title-visibility":"","ast-main-header-display":"","ast-hfb-above-header-display":"","ast-hfb-below-header-display":"","ast-hfb-mobile-header-display":"","site-post-title":"disabled","ast-breadcrumbs-content":"","ast-featured-img":"disabled","footer-sml-layout":"","theme-transparent-header-meta":"enabled","adv-header-id-meta":"","stick-header-meta":"","header-above-stick-meta":"","header-main-stick-meta":"","header-below-stick-meta":"","astra-migrate-meta-layouts":"set","ast-page-background-enabled":"default","ast-page-background-meta":{"desktop":{"background-color":"","background-image":"","background-repeat":"repeat","background-position":"center center","background-size":"auto","background-attachment":"scroll","background-type":"","background-media":"","overlay-type":"","overlay-color":"","overlay-opacity":"","overlay-gradient":""},"tablet":{"background-color":"","background-image":"","background-repeat":"repeat","background-position":"center center","background-size":"auto","background-attachment":"scroll","background-type":"","background-media":"","overlay-type":"","overlay-color":"","overlay-opacity":"","overlay-gradient":""},"mobile":{"background-color":"","background-image":"","background-repeat":"repeat","background-position":"center center","background-size":"auto","background-attachment":"scroll","background-type":"","background-media":"","overlay-type":"","overlay-color":"","overlay-opacity":"","overlay-gradient":""}},"ast-content-background-meta":{"desktop":{"background-color":"var(--ast-global-color-5)","background-image":"","background-repeat":"repeat","background-position":"center center","background-size":"auto","background-attachment":"scroll","background-type":"","background-media":"","overlay-type":"","overlay-color":"","overlay-opacity":"","overlay-gradient":""},"tablet":{"background-color":"var(--ast-global-color-5)","background-image":"","background-repeat":"repeat","background-position":"center center","background-size":"auto","background-attachment":"scroll","background-type":"","background-media":"","overlay-type":"","overlay-color":"","overlay-opacity":"","overlay-gradient":""},"mobile":{"background-color":"var(--ast-global-color-5)","background-image":"","background-repeat":"repeat","background-position":"center center","background-size":"auto","background-attachment":"scroll","background-type":"","background-media":"","overlay-type":"","overlay-color":"","overlay-opacity":"","overlay-gradient":""}},"footnotes":""},"class_list":["post-8112","page","type-page","status-publish","hentry"],"_links":{"self":[{"href":"https:\/\/shakaboboshtice.al\/en\/wp-json\/wp\/v2\/pages\/8112","targetHints":{"allow":["GET"]}}],"collection":[{"href":"https:\/\/shakaboboshtice.al\/en\/wp-json\/wp\/v2\/pages"}],"about":[{"href":"https:\/\/shakaboboshtice.al\/en\/wp-json\/wp\/v2\/types\/page"}],"author":[{"embeddable":true,"href":"https:\/\/shakaboboshtice.al\/en\/wp-json\/wp\/v2\/users\/1"}],"replies":[{"embeddable":true,"href":"https:\/\/shakaboboshtice.al\/en\/wp-json\/wp\/v2\/comments?post=8112"}],"version-history":[{"count":197,"href":"https:\/\/shakaboboshtice.al\/en\/wp-json\/wp\/v2\/pages\/8112\/revisions"}],"predecessor-version":[{"id":8997,"href":"https:\/\/shakaboboshtice.al\/en\/wp-json\/wp\/v2\/pages\/8112\/revisions\/8997"}],"wp:attachment":[{"href":"https:\/\/shakaboboshtice.al\/en\/wp-json\/wp\/v2\/media?parent=8112"}],"curies":[{"name":"wp","href":"https:\/\/api.w.org\/{rel}","templated":true}]}}